{"id":9348,"date":"2024-04-08T11:24:00","date_gmt":"2024-04-08T11:24:00","guid":{"rendered":"https:\/\/www.subirats.cat\/botiga\/?post_type=product&#038;p=9348"},"modified":"2024-06-21T15:52:26","modified_gmt":"2024-06-21T15:52:26","slug":"primer-concert-elisenda-julia-rai-paz-joan-mar-sauque","status":"publish","type":"product","link":"https:\/\/www.subirats.cat\/botiga\/producte\/primer-concert-elisenda-julia-rai-paz-joan-mar-sauque\/","title":{"rendered":"Primer concert: Elisenda Juli\u00e0 \u2013 Rai Paz + Joan Mar Sauqu\u00e9"},"content":{"rendered":"<div class=\"wpb-content-wrapper\"><p>[vc_row][vc_column][vc_column_text woodmart_inline=&#8221;no&#8221; text_larger=&#8221;no&#8221;]Elisenda Juli\u00e0 &amp; Rai Paz \u00e9s un duet que s&#8217;ha consolidat durant gaireb\u00e9 una d\u00e8cada actuant en diferents escenaris de Catalunya. Despr\u00e9s d&#8217;aquest llarg recorregut ens presenten el seu primer treball discogr\u00e0fic, Love Will Be the Theme Song (Fresh Sound). Un repertori cuinat a foc lent que es centra en el can\u00e7oner americ\u00e0, amb composicions dels grans noms de Broadway o del Jazz, per\u00f2 que tamb\u00e9 inclou algunes pinzellades de bossa nova o de pop. L\u2019exquisida col\u00b7laboraci\u00f3 de Joan Mar<br \/>\nSauqu\u00e9 a la trompeta aporta versatilitat al projecte, oferint nous colors i textures.<br \/>\nPura seducci\u00f3 per comen\u00e7ar el Festival de M\u00fasica a les vinyes.<\/p>\n<p>Elisenda Juli\u00e0, veu<br \/>\nRai Paz, guitarra<br \/>\nJoan Mar Sauqu\u00e9, trompeta<\/p>\n<p><strong>Presentaci\u00f3<\/strong><br \/>\n<strong>Abans de l\u2019inici del concert<\/strong>,\u00a0 passejada pel celler Batllori, copa de benvinguda i<br \/>\npresentaci\u00f3\u0301 del vint-i-unena edici\u00f3 del Festival Mu\u0301sica a les vinyes.<br \/>\n<strong>Tot seguit,<\/strong> actuaci\u00f3\u0301 d\u2019Elisenda Juli\u00e0, Rai Paz i Joan Mar Sauqu\u00e9<br \/>\nEn acabar, degustaci\u00f3 d\u2019una copa de cava Batllori i Pr\u00e9ssec d\u2019Ordal[\/vc_column_text][vc_video link=&#8221;https:\/\/youtu.be\/CrhT4UokdwU?si=2eLN2uR4azdnRd5x&#8221; woodmart_css_id=&#8221;6638a57dce7c7&#8243; image_poster_switch=&#8221;no&#8221;][\/vc_column][\/vc_row]<\/p>\n<\/div>","protected":false},"excerpt":{"rendered":"<p><strong>Divendres 21 de juny 2024<\/strong><br \/>\n20.45h Presentaci\u00f3-Concert<br \/>\nUbicaci\u00f3 Batllori<\/p>\n<p><strong>Elisenda Juli\u00e0 \u2013 Rai Paz + Joan Mar Sauqu\u00e9<\/strong><br \/>\n<strong>LOVE WILL BE THE THEME SONG<\/strong><\/p>\n","protected":false},"featured_media":9349,"template":"","meta":[],"product_brand":[],"product_cat":[141],"product_tag":[],"class_list":{"0":"post-9348","1":"product","2":"type-product","3":"status-publish","4":"has-post-thumbnail","6":"product_cat-fmv-2024","8":"first","9":"outofstock","10":"virtual","11":"purchasable","12":"product-type-simple"},"yoast_head":"<!-- This site is optimized with the Yoast SEO plugin v27.3 - https:\/\/yoast.com\/product\/yoast-seo-wordpress\/ -->\n<title>Primer concert: Elisenda Juli\u00e0 \u2013 Rai Paz + Joan Mar Sauqu\u00e9 - Subirats Experi\u00e8ncies<\/title>\n<meta name=\"robots\" content=\"index, follow, max-snippet:-1, max-image-preview:large, max-video-preview:-1\" \/>\n<link rel=\"canonical\" href=\"https:\/\/www.subirats.cat\/botiga\/producte\/primer-concert-elisenda-julia-rai-paz-joan-mar-sauque\/\" \/>\n<meta property=\"og:locale\" content=\"ca_ES\" \/>\n<meta property=\"og:type\" content=\"article\" \/>\n<meta property=\"og:title\" content=\"Primer concert: Elisenda Juli\u00e0 \u2013 Rai Paz + Joan Mar Sauqu\u00e9 - Subirats Experi\u00e8ncies\" \/>\n<meta property=\"og:description\" content=\"Divendres 21 de juny 2024 20.45h Presentaci\u00f3-Concert Ubicaci\u00f3 Batllori  Elisenda Juli\u00e0 \u2013 Rai Paz + Joan Mar Sauqu\u00e9 LOVE WILL BE THE THEME SONG\" \/>\n<meta property=\"og:url\" content=\"https:\/\/www.subirats.cat\/botiga\/producte\/primer-concert-elisenda-julia-rai-paz-joan-mar-sauque\/\" \/>\n<meta property=\"og:site_name\" content=\"Subirats Experi\u00e8ncies\" \/>\n<meta property=\"article:modified_time\" content=\"2024-06-21T15:52:26+00:00\" \/>\n<meta property=\"og:image\" content=\"https:\/\/www.subirats.cat\/botiga\/wp-content\/uploads\/2024\/04\/FMV3.jpg\" \/>\n\t<meta property=\"og:image:width\" content=\"1500\" \/>\n\t<meta property=\"og:image:height\" content=\"1500\" \/>\n\t<meta property=\"og:image:type\" content=\"image\/jpeg\" \/>\n<meta name=\"twitter:card\" content=\"summary_large_image\" \/>\n<meta name=\"twitter:label1\" content=\"Temps estimat de lectura\" \/>\n\t<meta name=\"twitter:data1\" content=\"2 minuts\" \/>\n<script type=\"application\/ld+json\" class=\"yoast-schema-graph\">{\"@context\":\"https:\\\/\\\/schema.org\",\"@graph\":[{\"@type\":\"WebPage\",\"@id\":\"https:\\\/\\\/www.subirats.cat\\\/botiga\\\/producte\\\/primer-concert-elisenda-julia-rai-paz-joan-mar-sauque\\\/\",\"url\":\"https:\\\/\\\/www.subirats.cat\\\/botiga\\\/producte\\\/primer-concert-elisenda-julia-rai-paz-joan-mar-sauque\\\/\",\"name\":\"Primer concert: Elisenda Juli\u00e0 \u2013 Rai Paz + Joan Mar Sauqu\u00e9 - Subirats Experi\u00e8ncies\",\"isPartOf\":{\"@id\":\"https:\\\/\\\/www.subirats.cat\\\/botiga\\\/#website\"},\"primaryImageOfPage\":{\"@id\":\"https:\\\/\\\/www.subirats.cat\\\/botiga\\\/producte\\\/primer-concert-elisenda-julia-rai-paz-joan-mar-sauque\\\/#primaryimage\"},\"image\":{\"@id\":\"https:\\\/\\\/www.subirats.cat\\\/botiga\\\/producte\\\/primer-concert-elisenda-julia-rai-paz-joan-mar-sauque\\\/#primaryimage\"},\"thumbnailUrl\":\"https:\\\/\\\/www.subirats.cat\\\/botiga\\\/wp-content\\\/uploads\\\/2024\\\/04\\\/FMV3.jpg\",\"datePublished\":\"2024-04-08T11:24:00+00:00\",\"dateModified\":\"2024-06-21T15:52:26+00:00\",\"breadcrumb\":{\"@id\":\"https:\\\/\\\/www.subirats.cat\\\/botiga\\\/producte\\\/primer-concert-elisenda-julia-rai-paz-joan-mar-sauque\\\/#breadcrumb\"},\"inLanguage\":\"ca\",\"potentialAction\":[{\"@type\":\"ReadAction\",\"target\":[\"https:\\\/\\\/www.subirats.cat\\\/botiga\\\/producte\\\/primer-concert-elisenda-julia-rai-paz-joan-mar-sauque\\\/\"]}]},{\"@type\":\"ImageObject\",\"inLanguage\":\"ca\",\"@id\":\"https:\\\/\\\/www.subirats.cat\\\/botiga\\\/producte\\\/primer-concert-elisenda-julia-rai-paz-joan-mar-sauque\\\/#primaryimage\",\"url\":\"https:\\\/\\\/www.subirats.cat\\\/botiga\\\/wp-content\\\/uploads\\\/2024\\\/04\\\/FMV3.jpg\",\"contentUrl\":\"https:\\\/\\\/www.subirats.cat\\\/botiga\\\/wp-content\\\/uploads\\\/2024\\\/04\\\/FMV3.jpg\",\"width\":1500,\"height\":1500},{\"@type\":\"BreadcrumbList\",\"@id\":\"https:\\\/\\\/www.subirats.cat\\\/botiga\\\/producte\\\/primer-concert-elisenda-julia-rai-paz-joan-mar-sauque\\\/#breadcrumb\",\"itemListElement\":[{\"@type\":\"ListItem\",\"position\":1,\"name\":\"Inici\",\"item\":\"https:\\\/\\\/www.subirats.cat\\\/botiga\\\/\"},{\"@type\":\"ListItem\",\"position\":2,\"name\":\"Botiga\",\"item\":\"https:\\\/\\\/www.subirats.cat\\\/botiga\\\/botiga\\\/\"},{\"@type\":\"ListItem\",\"position\":3,\"name\":\"Primer concert: Elisenda Juli\u00e0 \u2013 Rai Paz + Joan Mar Sauqu\u00e9\"}]},{\"@type\":\"WebSite\",\"@id\":\"https:\\\/\\\/www.subirats.cat\\\/botiga\\\/#website\",\"url\":\"https:\\\/\\\/www.subirats.cat\\\/botiga\\\/\",\"name\":\"Subirats Experi\u00e8ncies\",\"description\":\"Ajuntament de Subirats\",\"potentialAction\":[{\"@type\":\"SearchAction\",\"target\":{\"@type\":\"EntryPoint\",\"urlTemplate\":\"https:\\\/\\\/www.subirats.cat\\\/botiga\\\/?s={search_term_string}\"},\"query-input\":{\"@type\":\"PropertyValueSpecification\",\"valueRequired\":true,\"valueName\":\"search_term_string\"}}],\"inLanguage\":\"ca\"}]}<\/script>\n<!-- \/ Yoast SEO plugin. -->","yoast_head_json":{"title":"Primer concert: Elisenda Juli\u00e0 \u2013 Rai Paz + Joan Mar Sauqu\u00e9 - Subirats Experi\u00e8ncies","robots":{"index":"index","follow":"follow","max-snippet":"max-snippet:-1","max-image-preview":"max-image-preview:large","max-video-preview":"max-video-preview:-1"},"canonical":"https:\/\/www.subirats.cat\/botiga\/producte\/primer-concert-elisenda-julia-rai-paz-joan-mar-sauque\/","og_locale":"ca_ES","og_type":"article","og_title":"Primer concert: Elisenda Juli\u00e0 \u2013 Rai Paz + Joan Mar Sauqu\u00e9 - Subirats Experi\u00e8ncies","og_description":"Divendres 21 de juny 2024 20.45h Presentaci\u00f3-Concert Ubicaci\u00f3 Batllori  Elisenda Juli\u00e0 \u2013 Rai Paz + Joan Mar Sauqu\u00e9 LOVE WILL BE THE THEME SONG","og_url":"https:\/\/www.subirats.cat\/botiga\/producte\/primer-concert-elisenda-julia-rai-paz-joan-mar-sauque\/","og_site_name":"Subirats Experi\u00e8ncies","article_modified_time":"2024-06-21T15:52:26+00:00","og_image":[{"width":1500,"height":1500,"url":"https:\/\/www.subirats.cat\/botiga\/wp-content\/uploads\/2024\/04\/FMV3.jpg","type":"image\/jpeg"}],"twitter_card":"summary_large_image","twitter_misc":{"Temps estimat de lectura":"2 minuts"},"schema":{"@context":"https:\/\/schema.org","@graph":[{"@type":"WebPage","@id":"https:\/\/www.subirats.cat\/botiga\/producte\/primer-concert-elisenda-julia-rai-paz-joan-mar-sauque\/","url":"https:\/\/www.subirats.cat\/botiga\/producte\/primer-concert-elisenda-julia-rai-paz-joan-mar-sauque\/","name":"Primer concert: Elisenda Juli\u00e0 \u2013 Rai Paz + Joan Mar Sauqu\u00e9 - Subirats Experi\u00e8ncies","isPartOf":{"@id":"https:\/\/www.subirats.cat\/botiga\/#website"},"primaryImageOfPage":{"@id":"https:\/\/www.subirats.cat\/botiga\/producte\/primer-concert-elisenda-julia-rai-paz-joan-mar-sauque\/#primaryimage"},"image":{"@id":"https:\/\/www.subirats.cat\/botiga\/producte\/primer-concert-elisenda-julia-rai-paz-joan-mar-sauque\/#primaryimage"},"thumbnailUrl":"https:\/\/www.subirats.cat\/botiga\/wp-content\/uploads\/2024\/04\/FMV3.jpg","datePublished":"2024-04-08T11:24:00+00:00","dateModified":"2024-06-21T15:52:26+00:00","breadcrumb":{"@id":"https:\/\/www.subirats.cat\/botiga\/producte\/primer-concert-elisenda-julia-rai-paz-joan-mar-sauque\/#breadcrumb"},"inLanguage":"ca","potentialAction":[{"@type":"ReadAction","target":["https:\/\/www.subirats.cat\/botiga\/producte\/primer-concert-elisenda-julia-rai-paz-joan-mar-sauque\/"]}]},{"@type":"ImageObject","inLanguage":"ca","@id":"https:\/\/www.subirats.cat\/botiga\/producte\/primer-concert-elisenda-julia-rai-paz-joan-mar-sauque\/#primaryimage","url":"https:\/\/www.subirats.cat\/botiga\/wp-content\/uploads\/2024\/04\/FMV3.jpg","contentUrl":"https:\/\/www.subirats.cat\/botiga\/wp-content\/uploads\/2024\/04\/FMV3.jpg","width":1500,"height":1500},{"@type":"BreadcrumbList","@id":"https:\/\/www.subirats.cat\/botiga\/producte\/primer-concert-elisenda-julia-rai-paz-joan-mar-sauque\/#breadcrumb","itemListElement":[{"@type":"ListItem","position":1,"name":"Inici","item":"https:\/\/www.subirats.cat\/botiga\/"},{"@type":"ListItem","position":2,"name":"Botiga","item":"https:\/\/www.subirats.cat\/botiga\/botiga\/"},{"@type":"ListItem","position":3,"name":"Primer concert: Elisenda Juli\u00e0 \u2013 Rai Paz + Joan Mar Sauqu\u00e9"}]},{"@type":"WebSite","@id":"https:\/\/www.subirats.cat\/botiga\/#website","url":"https:\/\/www.subirats.cat\/botiga\/","name":"Subirats Experi\u00e8ncies","description":"Ajuntament de Subirats","potentialAction":[{"@type":"SearchAction","target":{"@type":"EntryPoint","urlTemplate":"https:\/\/www.subirats.cat\/botiga\/?s={search_term_string}"},"query-input":{"@type":"PropertyValueSpecification","valueRequired":true,"valueName":"search_term_string"}}],"inLanguage":"ca"}]}},"_links":{"self":[{"href":"https:\/\/www.subirats.cat\/botiga\/wp-json\/wp\/v2\/product\/9348","targetHints":{"allow":["GET"]}}],"collection":[{"href":"https:\/\/www.subirats.cat\/botiga\/wp-json\/wp\/v2\/product"}],"about":[{"href":"https:\/\/www.subirats.cat\/botiga\/wp-json\/wp\/v2\/types\/product"}],"wp:featuredmedia":[{"embeddable":true,"href":"https:\/\/www.subirats.cat\/botiga\/wp-json\/wp\/v2\/media\/9349"}],"wp:attachment":[{"href":"https:\/\/www.subirats.cat\/botiga\/wp-json\/wp\/v2\/media?parent=9348"}],"wp:term":[{"taxonomy":"product_brand","embeddable":true,"href":"https:\/\/www.subirats.cat\/botiga\/wp-json\/wp\/v2\/product_brand?post=9348"},{"taxonomy":"product_cat","embeddable":true,"href":"https:\/\/www.subirats.cat\/botiga\/wp-json\/wp\/v2\/product_cat?post=9348"},{"taxonomy":"product_tag","embeddable":true,"href":"https:\/\/www.subirats.cat\/botiga\/wp-json\/wp\/v2\/product_tag?post=9348"}],"curies":[{"name":"wp","href":"https:\/\/api.w.org\/{rel}","templated":true}]}}